{"id":43,"date":"2020-12-08T13:50:11","date_gmt":"2020-12-08T13:50:11","guid":{"rendered":"http:\/\/524w.eu\/?page_id=43"},"modified":"2021-01-29T14:11:11","modified_gmt":"2021-01-29T14:11:11","slug":"about","status":"publish","type":"page","link":"https:\/\/524w.eu\/en\/about\/","title":{"rendered":"About us"},"content":{"rendered":"<div data-colibri-id=\"43-c1\" class=\"style-377 style-local-43-c1 position-relative\">\n  <!---->\n  <div data-colibri-component=\"section\" data-colibri-id=\"43-c2\" id=\"about\" class=\"h-section h-section-global-spacing d-flex align-items-lg-center align-items-md-center align-items-center style-428 style-local-43-c2 position-relative\">\n    <!---->\n    <!---->\n    <div class=\"h-section-grid-container h-section-boxed-container\">\n      <div data-colibri-id=\"43-c7\" class=\"h-row-container gutters-row-lg-2 gutters-row-md-2 gutters-row-2 gutters-row-v-lg-2 gutters-row-v-md-2 gutters-row-v-2 style-433 style-local-43-c7 position-relative\">\n        <!---->\n        <div class=\"h-row justify-content-lg-center justify-content-md-center justify-content-center align-items-lg-stretch align-items-md-stretch align-items-stretch gutters-col-lg-2 gutters-col-md-2 gutters-col-2 gutters-col-v-lg-2 gutters-col-v-md-2 gutters-col-v-2\">\n          <!---->\n          <div class=\"h-column h-column-container d-flex h-col-lg-auto h-col-md-auto h-col-auto style-434-outer style-local-43-c8-outer\">\n            <div data-colibri-id=\"43-c8\" class=\"d-flex h-flex-basis h-column__inner h-px-lg-2 h-px-md-2 h-px-2 v-inner-lg-2 v-inner-md-2 v-inner-2 style-434 style-local-43-c8 position-relative\">\n              <!---->\n              <!---->\n              <div class=\"w-100 h-y-container h-column__content h-column__v-align flex-basis-100 align-self-lg-start align-self-md-start align-self-start\">\n                <!---->\n                <div data-colibri-id=\"43-c9\" class=\"h-global-transition-all h-heading style-435 style-local-43-c9 position-relative h-element\">\n                  <!---->\n                  <div class=\"h-heading__outer style-435 style-local-43-c9\">\n                    <!---->\n                    <!---->\n                    <h5 class=\"\"><\/h5>\n                  <\/div>\n                <\/div>\n                <div data-colibri-id=\"43-c10\" class=\"h-global-transition-all h-heading style-436 style-local-43-c10 position-relative h-element\">\n                  <!---->\n                  <div class=\"h-heading__outer style-436 style-local-43-c10\">\n                    <!---->\n                    <!---->\n                    <h2 class=\"\">We have been here for you since 2002 and we are just people, just like you<\/h2>\n                  <\/div>\n                <\/div>\n                <div data-colibri-id=\"43-c11\" class=\"h-text h-text-component style-437 style-local-43-c11 position-relative h-element\">\n                  <!---->\n                  <!---->\n                  <div class=\"\">\n                    <p><span style=\"color: rgb(23, 37, 42); font-family: &quot;Open Sans&quot;; font-size: 16px; font-weight: 400;\">Tomorrow Systems s.r.o. is a stable Czech company focusing on the progressive branch of the IT market with an 18-year history. By an unexpected coincidence, the company has developed over the years into a progressive player in the IT technology market, evaluating back how this happened, we can think of no other explanation than that our approach to people and customers is simply more human, friendly and different. It makes us happy to be able to help each individual, and we enjoy our work and someone has said that if you are not lazy or incompetent, everything is possible.<\/span><\/p>\n                    <p><span style=\"color: rgb(23, 37, 42); font-family: &quot;Open Sans&quot;; font-size: 16px; font-weight: 400;\">We do not want to waste the memory of our web server unnecessarily and we will not describe our way up or our prospects for an even better next one. Instead, we announce that Tomorrow Systems is a collective of normal, and we are not afraid to tell - even capable - individuals. We approach this with complete professionalism of our own. The goal is by no means just resale, from this there are other products such as stone heating without any creation of price, product and other support. <\/span><\/p>\n                    <p><span style=\"color: rgb(23, 37, 42); font-family: &quot;Open Sans&quot;; font-size: 16px; font-weight: 400;\">Tomorrow Systems s.r.o. is a manufacturer and distributor of the WODASIGN brand, which manufactures equipment for tomorrow's technologies such as www.wodaplug.com and www.wodasign.net. Tomorrow Systems s.r.o. also does business in the field of data recovery and IT security. Tomorrow Systems s.r.o. own a number of e-shops, see the section \"Our e-shops\". <\/span><\/p>\n                    <p><span style=\"color: rgb(23, 37, 42); font-family: &quot;Open Sans&quot;; font-size: 16px; font-weight: 400;\">We have branches in Prague and M\u011bln\u00edk - it's simple, we use what others dedicate 268.33 lines to describe the latest technologies - we use online servers and a terminal in real time. Tomorrow Systems s.r.o. it simply supports its partners and customers as they do us, our word pays and we will want the same approach from all of you. Although a little rotten, at least we will try to behave as it should. We apologize to everyone who was waiting for the introduction of the company, which can be found everywhere, the empty and meaningless copied words are.<\/span><\/p>\n                    <p><span style=\"color: rgb(23, 37, 42); font-family: &quot;Open Sans&quot;; font-size: 16px; font-weight: 400;\">Thank you and we're looking forward to see you Tomorrow Systems s.r.o. team.<\/span><\/p>\n                  <\/div>\n                <\/div>\n              <\/div>\n            <\/div>\n          <\/div>\n        <\/div>\n      <\/div>\n      <div data-colibri-id=\"43-c3\" class=\"h-row-container gutters-row-lg-0 gutters-row-md-0 gutters-row-0 gutters-row-v-lg-0 gutters-row-v-md-0 gutters-row-v-0 style-429 style-local-43-c3 h-overflow-hidden position-relative\">\n        <!---->\n        <div class=\"h-row justify-content-lg-center justify-content-md-center justify-content-center align-items-lg-end align-items-md-end align-items-end gutters-col-lg-0 gutters-col-md-0 gutters-col-0 gutters-col-v-lg-0 gutters-col-v-md-0 gutters-col-v-0\">\n          <!---->\n          <div class=\"h-column h-column-container d-flex h-col-lg-auto h-col-md-auto h-col-auto align-self-lg-end align-self-md-end align-self-end style-430-outer style-local-43-c4-outer\">\n            <div data-colibri-id=\"43-c4\" class=\"d-flex h-flex-basis h-column__inner h-ui-empty-state-container h-px-lg-0 h-px-md-0 h-px-0 v-inner-lg-0 v-inner-md-0 v-inner-0 style-430 style-local-43-c4 position-relative\">\n              <!---->\n              <!---->\n              <div class=\"w-100 h-y-container h-column__content h-column__v-align flex-basis-100\">\n                <!---->\n              <\/div>\n            <\/div>\n          <\/div>\n          <div class=\"h-column h-column-container d-flex h-col-lg-auto h-col-md-auto h-col-auto align-self-lg-end align-self-md-end align-self-end style-431-outer style-local-43-c5-outer\">\n            <div data-colibri-id=\"43-c5\" class=\"d-flex h-flex-basis h-column__inner h-ui-empty-state-container h-px-lg-0 h-px-md-0 h-px-0 v-inner-lg-0 v-inner-md-0 v-inner-0 style-431 style-local-43-c5 position-relative\">\n              <!---->\n              <!---->\n              <div class=\"w-100 h-y-container h-column__content h-column__v-align flex-basis-100\">\n                <!---->\n              <\/div>\n            <\/div>\n          <\/div>\n          <div class=\"h-column h-column-container d-flex h-col-lg-auto h-col-md-auto h-col-auto align-self-lg-end align-self-md-end align-self-end style-432-outer style-local-43-c6-outer\">\n            <div data-colibri-id=\"43-c6\" class=\"d-flex h-flex-basis h-column__inner h-ui-empty-state-container h-px-lg-0 h-px-md-0 h-px-0 v-inner-lg-0 v-inner-md-0 v-inner-0 style-432 style-local-43-c6 position-relative\">\n              <!---->\n              <!---->\n              <div class=\"w-100 h-y-container h-column__content h-column__v-align flex-basis-100\">\n                <!---->\n              <\/div>\n            <\/div>\n          <\/div>\n        <\/div>\n      <\/div>\n    <\/div>\n  <\/div>\n<\/div>","protected":false},"excerpt":{"rendered":"<p>Jsme tu pro V\u00e1s ji\u017e od roku 2002 a jsme jen lidi, stejn\u011b jako Vy Tomorrow Systems s.r.o. je stabiln\u00ed \u010desk\u00e1 spole\u010dnost orientuj\u00edc\u00ed se na progresivn\u00ed odv\u011btv\u00ed IT trhu s 18 letou histori\u00ed. Ne\u010dekanou shodou okolnost\u00ed se firma vyvinula b\u011bhem n\u011bkolika let v progresivn\u00edho hr\u00e1\u010de na trhu IT technologi\u00ed, hodnot\u00edce zp\u011bt, jak k tomu do\u0161lo, [&hellip;]<\/p>\n","protected":false},"author":1,"featured_media":0,"parent":0,"menu_order":0,"comment_status":"closed","ping_status":"closed","template":"page-templates\/full-width-page.php","meta":{"_coblocks_attr":"","_coblocks_dimensions":"","_coblocks_responsive_height":"","_coblocks_accordion_ie_support":"","footnotes":""},"class_list":["post-43","page","type-page","status-publish","hentry"],"_links":{"self":[{"href":"https:\/\/524w.eu\/en\/wp-json\/wp\/v2\/pages\/43","targetHints":{"allow":["GET"]}}],"collection":[{"href":"https:\/\/524w.eu\/en\/wp-json\/wp\/v2\/pages"}],"about":[{"href":"https:\/\/524w.eu\/en\/wp-json\/wp\/v2\/types\/page"}],"author":[{"embeddable":true,"href":"https:\/\/524w.eu\/en\/wp-json\/wp\/v2\/users\/1"}],"replies":[{"embeddable":true,"href":"https:\/\/524w.eu\/en\/wp-json\/wp\/v2\/comments?post=43"}],"version-history":[{"count":20,"href":"https:\/\/524w.eu\/en\/wp-json\/wp\/v2\/pages\/43\/revisions"}],"predecessor-version":[{"id":1456,"href":"https:\/\/524w.eu\/en\/wp-json\/wp\/v2\/pages\/43\/revisions\/1456"}],"wp:attachment":[{"href":"https:\/\/524w.eu\/en\/wp-json\/wp\/v2\/media?parent=43"}],"curies":[{"name":"wp","href":"https:\/\/api.w.org\/{rel}","templated":true}]}}